{"id":81,"date":"2011-10-27T06:27:09","date_gmt":"2011-10-27T06:27:09","guid":{"rendered":"http:\/\/rom4ik.bplaced.net\/wordpress\/?page_id=81"},"modified":"2017-03-07T22:11:36","modified_gmt":"2017-03-07T21:11:36","slug":"exlusiv-fur-sie","status":"publish","type":"page","link":"https:\/\/www.partyservice-margaritka.de\/","title":{"rendered":"Partyservice"},"content":{"rendered":"<p>&nbsp;<\/p>\n<p><span style=\"font-family: comic sans ms,sans-serif; font-size: large;\">&#8222;Qualit\u00e4t die man schmeckt ! Preis der jedem passt ! &#8222;<\/span><\/p>\n<p><span style=\"font-family: comic sans ms,sans-serif; font-size: large;\">Und somit Herzlich Willkommen&#8230;.<\/span><\/p>\n<p><span style=\"font-family: comic sans ms,sans-serif; font-size: large;\">auf die leckere Internetseite von Partyservice &#8222;Margaritka&#8220;<\/span><\/p>\n<p><span style=\"font-family: comic sans ms,sans-serif; font-size: large;\">F\u00fcr Ihre besonderen, einmaligen, unvergesslichen Anl\u00e4sse, wie :<\/span><\/p>\n<ul>\n<li><span style=\"font-family: comic sans ms,sans-serif; font-size: large;\">Hochzeiten<\/span><\/li>\n<li><span style=\"font-family: comic sans ms,sans-serif; font-size: large;\">Jubil\u00e4um oder Geburstagspartys<\/span><\/li>\n<li><span style=\"font-family: comic sans ms,sans-serif; font-size: large;\">Familienfest<\/span><\/li>\n<li><span style=\"font-family: comic sans ms,sans-serif; font-size: large;\">Betriebliche Feste<\/span><\/li>\n<li><span style=\"font-family: comic sans ms,sans-serif; font-size: large;\">sonstige Feste jeglicher Art<\/span><\/li>\n<\/ul>\n<p><span style=\"font-family: comic sans ms,sans-serif; font-size: large;\">Unsere vielfaltige Men\u00fcauswahl, l\u00e4sst keine W\u00fcnsche offen.<\/span><\/p>\n<p>&nbsp;<\/p>\n<p><span style=\"font-family: comic sans ms,sans-serif; font-size: large;\"><strong>Wir bekochen Sie im Umkreis von 80 km.<\/strong><\/span><\/p>\n<p><span style=\"font-family: comic sans ms,sans-serif; font-size: large;\"><strong>und machen Ihr Fest zu einem kulinarischen H\u00f6hepunkt!<\/strong><\/span><\/p>\n<p>&nbsp;<\/p>\n<p><span style=\"font-family: comic sans ms,sans-serif; font-size: large;\">Au\u00dferdem liefern wir, von Ihnen ausgew\u00e4hltes Men\u00fc, im Raum Lippstadt kostenfrei.<\/span><\/p>\n<p><span style=\"font-family: comic sans ms,sans-serif; font-size: large;\">Und au\u00dferhalb Raum Lippstadt ab 10 km bitte <a href=\"http:\/\/www.partyservice-margaritka.de\/?page_id=176\">Sprechen Sie uns an. <\/a><\/span><\/p>\n","protected":false},"excerpt":{"rendered":"<p>&nbsp; &#8222;Qualit\u00e4t die man schmeckt ! Preis der jedem passt ! &#8222; Und somit Herzlich Willkommen&#8230;. auf die leckere Internetseite von Partyservice &#8222;Margaritka&#8220; F\u00fcr Ihre besonderen, einmaligen, unvergesslichen Anl\u00e4sse, wie : Hochzeiten Jubil\u00e4um oder Geburstagspartys Familienfest Betriebliche Feste sonstige Feste jeglicher Art Unsere vielfaltige Men\u00fcauswahl, l\u00e4sst keine W\u00fcnsche offen. &nbsp; Wir bekochen Sie im Umkreis&#8230; <\/p>\n<div class=\"link-more\"><a href=\"https:\/\/www.partyservice-margaritka.de\/\">Weiterlesen<\/a><\/div>\n","protected":false},"author":1,"featured_media":0,"parent":0,"menu_order":1,"comment_status":"closed","ping_status":"closed","template":"","meta":{"ngg_post_thumbnail":0,"footnotes":""},"class_list":["post-81","page","type-page","status-publish","hentry"],"jetpack_sharing_enabled":true,"_links":{"self":[{"href":"https:\/\/www.partyservice-margaritka.de\/index.php?rest_route=\/wp\/v2\/pages\/81","targetHints":{"allow":["GET"]}}],"collection":[{"href":"https:\/\/www.partyservice-margaritka.de\/index.php?rest_route=\/wp\/v2\/pages"}],"about":[{"href":"https:\/\/www.partyservice-margaritka.de\/index.php?rest_route=\/wp\/v2\/types\/page"}],"author":[{"embeddable":true,"href":"https:\/\/www.partyservice-margaritka.de\/index.php?rest_route=\/wp\/v2\/users\/1"}],"replies":[{"embeddable":true,"href":"https:\/\/www.partyservice-margaritka.de\/index.php?rest_route=%2Fwp%2Fv2%2Fcomments&post=81"}],"version-history":[{"count":15,"href":"https:\/\/www.partyservice-margaritka.de\/index.php?rest_route=\/wp\/v2\/pages\/81\/revisions"}],"predecessor-version":[{"id":459,"href":"https:\/\/www.partyservice-margaritka.de\/index.php?rest_route=\/wp\/v2\/pages\/81\/revisions\/459"}],"wp:attachment":[{"href":"https:\/\/www.partyservice-margaritka.de\/index.php?rest_route=%2Fwp%2Fv2%2Fmedia&parent=81"}],"curies":[{"name":"wp","href":"https:\/\/api.w.org\/{rel}","templated":true}]}}