{"id":79,"date":"2011-10-27T06:26:26","date_gmt":"2011-10-27T05:26:26","guid":{"rendered":"http:\/\/rom4ik.bplaced.net\/wordpress\/?page_id=79"},"modified":"2017-03-07T22:18:33","modified_gmt":"2017-03-07T21:18:33","slug":"galerie","status":"publish","type":"page","link":"https:\/\/www.partyservice-margaritka.de\/?page_id=79","title":{"rendered":"\u00dcber Uns"},"content":{"rendered":"<p>Seit vielen Jahren sind wir ein Familienbetrieb mit vielen Erfahrungen f\u00fcr verschiedene Anl\u00e4sse in deutsche, russische sowie internationale K\u00fcche.<\/p>\n<p><strong>Unser Koch: <\/strong><\/p>\n<p>Alexander Trautmann, ausgebildeter 5-Sterne Koch mit langj\u00e4hriger Berufserfahrung im russischen Restaurant.<\/p>\n<p><strong>Unsere K\u00f6chin: <\/strong><\/p>\n<p>Olga Trautmann, eine ausgebildete K\u00f6chin mit dem IHK \u2013 Zertifikat Arnsberg.<\/p>\n<p>Zur Verst\u00e4rkung wird unser freundliches, engagiertes Servicepersonal eingesetzt.<\/p>\n","protected":false},"excerpt":{"rendered":"<p>Seit vielen Jahren sind wir ein Familienbetrieb mit vielen Erfahrungen f\u00fcr verschiedene Anl\u00e4sse in deutsche, russische sowie internationale K\u00fcche. Unser Koch: Alexander Trautmann, ausgebildeter 5-Sterne Koch mit langj\u00e4hriger Berufserfahrung im russischen Restaurant. Unsere K\u00f6chin: Olga Trautmann, eine ausgebildete K\u00f6chin mit dem IHK \u2013 Zertifikat Arnsberg. Zur Verst\u00e4rkung wird unser freundliches, engagiertes Servicepersonal eingesetzt.<\/p>\n","protected":false},"author":1,"featured_media":0,"parent":0,"menu_order":2,"comment_status":"closed","ping_status":"closed","template":"","meta":{"ngg_post_thumbnail":0,"footnotes":""},"class_list":["post-79","page","type-page","status-publish","hentry"],"jetpack_sharing_enabled":true,"_links":{"self":[{"href":"https:\/\/www.partyservice-margaritka.de\/index.php?rest_route=\/wp\/v2\/pages\/79","targetHints":{"allow":["GET"]}}],"collection":[{"href":"https:\/\/www.partyservice-margaritka.de\/index.php?rest_route=\/wp\/v2\/pages"}],"about":[{"href":"https:\/\/www.partyservice-margaritka.de\/index.php?rest_route=\/wp\/v2\/types\/page"}],"author":[{"embeddable":true,"href":"https:\/\/www.partyservice-margaritka.de\/index.php?rest_route=\/wp\/v2\/users\/1"}],"replies":[{"embeddable":true,"href":"https:\/\/www.partyservice-margaritka.de\/index.php?rest_route=%2Fwp%2Fv2%2Fcomments&post=79"}],"version-history":[{"count":24,"href":"https:\/\/www.partyservice-margaritka.de\/index.php?rest_route=\/wp\/v2\/pages\/79\/revisions"}],"predecessor-version":[{"id":461,"href":"https:\/\/www.partyservice-margaritka.de\/index.php?rest_route=\/wp\/v2\/pages\/79\/revisions\/461"}],"wp:attachment":[{"href":"https:\/\/www.partyservice-margaritka.de\/index.php?rest_route=%2Fwp%2Fv2%2Fmedia&parent=79"}],"curies":[{"name":"wp","href":"https:\/\/api.w.org\/{rel}","templated":true}]}}