{"id":440,"date":"2017-03-07T21:48:18","date_gmt":"2017-03-07T20:48:18","guid":{"rendered":"http:\/\/www.partyservice-margaritka.de\/?page_id=440"},"modified":"2017-03-13T15:10:22","modified_gmt":"2017-03-13T14:10:22","slug":"oskar","status":"publish","type":"page","link":"https:\/\/www.partyservice-margaritka.de\/?page_id=440","title":{"rendered":"Oskar"},"content":{"rendered":"<p style=\"text-align: center;\">Herzlich Willkommen auf der Hompage unseres Russischen Restaurants ,,OSKAR&#8220;<\/p>\n<hr>\n<p style=\"text-align: center;\">Erleben sie in unserem Restaurant die schmackhaften Gerichte der russischen und internationalen K\u00fcche, sowie die Gastfreundschaft der russischen Kultur.<\/p>\n<p style=\"text-align: center;\">Unsere gem\u00fctlichen R\u00e4umlichkeiten eignen sich auch perfekt f\u00fcr unvergessliche Feiern wie&#8230;<\/p>\n<ul>\n<li style=\"text-align: left;\">Hochzeit<\/li>\n<li style=\"text-align: left;\">Geburtstage&nbsp;<\/li>\n<li style=\"text-align: left;\">Taufe&nbsp;<\/li>\n<li>und vieles mehr&nbsp;<\/li>\n<\/ul>\n<p style=\"text-align: center;\">Genie\u00dfen sie eine besondere Zeit beim guten Essen und angenehmer Atmosph\u00e4re<\/p>\n<p style=\"text-align: center;\">Wir freuen uns auf Ihren Besuch&nbsp;<\/p>\n<p style=\"text-align: center;\">Ihr Team &nbsp;,,OSKAR&#8220;&nbsp;<\/p>\n<p style=\"text-align: center;\"><a href=\"https:\/\/www.facebook.com\/partyserviceMargaritka\/\">https:\/\/www.facebook.com\/partyserviceMargaritka\/<\/a><\/p>\nngg_shortcode_0_placeholder\n<p style=\"text-align: center;\">&nbsp;<\/p>\n","protected":false},"excerpt":{"rendered":"<p>Herzlich Willkommen auf der Hompage unseres Russischen Restaurants ,,OSKAR&#8220; Erleben sie in unserem Restaurant die schmackhaften Gerichte der russischen und internationalen K\u00fcche, sowie die Gastfreundschaft der russischen Kultur. Unsere gem\u00fctlichen R\u00e4umlichkeiten eignen sich auch perfekt f\u00fcr unvergessliche Feiern wie&#8230; Hochzeit Geburtstage&nbsp; Taufe&nbsp; und vieles mehr&nbsp; Genie\u00dfen sie eine besondere Zeit beim guten Essen und angenehmer&#8230; <\/p>\n<div class=\"link-more\"><a href=\"https:\/\/www.partyservice-margaritka.de\/?page_id=440\">Weiterlesen<\/a><\/div>\n","protected":false},"author":1,"featured_media":0,"parent":0,"menu_order":0,"comment_status":"closed","ping_status":"closed","template":"","meta":{"ngg_post_thumbnail":0,"footnotes":""},"class_list":["post-440","page","type-page","status-publish","hentry"],"jetpack_sharing_enabled":true,"_links":{"self":[{"href":"https:\/\/www.partyservice-margaritka.de\/index.php?rest_route=\/wp\/v2\/pages\/440","targetHints":{"allow":["GET"]}}],"collection":[{"href":"https:\/\/www.partyservice-margaritka.de\/index.php?rest_route=\/wp\/v2\/pages"}],"about":[{"href":"https:\/\/www.partyservice-margaritka.de\/index.php?rest_route=\/wp\/v2\/types\/page"}],"author":[{"embeddable":true,"href":"https:\/\/www.partyservice-margaritka.de\/index.php?rest_route=\/wp\/v2\/users\/1"}],"replies":[{"embeddable":true,"href":"https:\/\/www.partyservice-margaritka.de\/index.php?rest_route=%2Fwp%2Fv2%2Fcomments&post=440"}],"version-history":[{"count":16,"href":"https:\/\/www.partyservice-margaritka.de\/index.php?rest_route=\/wp\/v2\/pages\/440\/revisions"}],"predecessor-version":[{"id":492,"href":"https:\/\/www.partyservice-margaritka.de\/index.php?rest_route=\/wp\/v2\/pages\/440\/revisions\/492"}],"wp:attachment":[{"href":"https:\/\/www.partyservice-margaritka.de\/index.php?rest_route=%2Fwp%2Fv2%2Fmedia&parent=440"}],"curies":[{"name":"wp","href":"https:\/\/api.w.org\/{rel}","templated":true}]}}